{"id":4703,"date":"2024-10-22T14:09:33","date_gmt":"2024-10-22T12:09:33","guid":{"rendered":"https:\/\/www.foretdesainthubert-accessible.be\/juridische-informatie-en-privacybeleid\/"},"modified":"2025-01-19T13:50:34","modified_gmt":"2025-01-19T12:50:34","slug":"juridische-informatie-en-privacybeleid","status":"publish","type":"page","link":"https:\/\/www.foretdesainthubert-accessible.be\/nl\/juridische-informatie-en-privacybeleid\/","title":{"rendered":"Juridische informatie en privacybeleid"},"content":{"rendered":"\t\t<div data-elementor-type=\"wp-page\" data-elementor-id=\"4703\" class=\"elementor elementor-4703 elementor-4353\" data-elementor-post-type=\"page\">\n\t\t\t\t<div class=\"elementor-element elementor-element-f22e2f2 e-flex e-con-boxed e-con e-parent\" data-id=\"f22e2f2\" data-element_type=\"container\" data-e-type=\"container\">\n\t\t\t\t\t<div class=\"e-con-inner\">\n\t\t\t\t<div class=\"elementor-element elementor-element-055f7db elementor-widget elementor-widget-heading\" data-id=\"055f7db\" data-element_type=\"widget\" data-e-type=\"widget\" data-widget_type=\"heading.default\">\n\t\t\t\t<div class=\"elementor-widget-container\">\n\t\t\t\t\t<h2 class=\"elementor-heading-title elementor-size-default\">Juridische informatie<\/h2>\t\t\t\t<\/div>\n\t\t\t\t<\/div>\n\t\t\t\t\t<\/div>\n\t\t\t\t<\/div>\n\t\t<div class=\"elementor-element elementor-element-aafc01a e-flex e-con-boxed e-con e-parent\" data-id=\"aafc01a\" data-element_type=\"container\" data-e-type=\"container\">\n\t\t\t\t\t<div class=\"e-con-inner\">\n\t\t\t\t<div class=\"elementor-element elementor-element-543c79a elementor-widget elementor-widget-text-editor\" data-id=\"543c79a\" data-element_type=\"widget\" data-e-type=\"widget\" data-widget_type=\"text-editor.default\">\n\t\t\t\t<div class=\"elementor-widget-container\">\n\t\t\t\t\t\t\t\t\t<p> <span style=\"color: #000000;\">Verantwoordelijke uitgever: Maison du Tourisme de la For\u00eat de Saint-Hubert vzw<\/span><br \/><span style=\"color: #000000;\">Maatschappelijke zetel: Place du March\u00e9 15, 6870 Saint-Hubert, Belgi\u00eb<\/span><br \/><span style=\"color: #000000;\">ECB-nummer: 0676.474.832<\/span><br \/><span style=\"color: #000000;\">Voorzitter: V\u00e9ronique Arnould<\/span><br \/><span style=\"color: #000000;\">Directie: Laurent Vanhex <\/span><\/p>\n<p><span style=\"color: #000000;\">Ce site a \u00e9t\u00e9 r\u00e9alis\u00e9 sur WordPress avec le soutien du Commissariat G\u00e9n\u00e9ral au Tourisme.<\/span><br \/><span style=\"color: #000000;\">Son contenu est aliment\u00e9 par la Maison du Tourisme dans le cadre des accompagnements r\u00e9alis\u00e9s en collaboration avec le service provincial All Access.<\/span><\/p>\n<p><span style=\"color: #000000;\">Le pr\u00e9sent site est h\u00e9berg\u00e9 en France, sur un serveur disposant d\u2019outils de protection tel qu\u2019un pare-feu, et est crypt\u00e9 \u00e0 l\u2019aide d\u2019un certificat SSL.<\/span><\/p>\n<p><span style=\"color: #000000;\">De foto&#8217;s en teksten op deze site mogen in geen geval worden gebruikt zonder schriftelijke toestemming van de auteurs ervan.<br \/><\/span><\/p>\n<p><span style=\"color: #000000;\">Voor vragen\/opmerkingen\/technische problemen\/aanvragen om de inhoud te gebruiken of op deze site te verschijnen, kunt u contact opnemen met Maison du Tourisme per post op het adres van de maatschappelijke zetel, per telefoon (+32 61 61 30 10) of via dit formulier.<\/span><\/p><\/p>\n\t\t\t\t\t\t\t\t<\/div>\n\t\t\t\t<\/div>\n\t\t\t\t\t<\/div>\n\t\t\t\t<\/div>\n\t\t<div class=\"elementor-element elementor-element-356736d e-flex e-con-boxed e-con e-parent\" data-id=\"356736d\" data-element_type=\"container\" data-e-type=\"container\">\n\t\t\t\t\t<div class=\"e-con-inner\">\n\t\t\t\t<div class=\"elementor-element elementor-element-404d160 elementor-widget elementor-widget-heading\" data-id=\"404d160\" data-element_type=\"widget\" data-e-type=\"widget\" data-widget_type=\"heading.default\">\n\t\t\t\t<div class=\"elementor-widget-container\">\n\t\t\t\t\t<h3 class=\"elementor-heading-title elementor-size-default\">Privacybeleid<\/h3>\t\t\t\t<\/div>\n\t\t\t\t<\/div>\n\t\t\t\t\t<\/div>\n\t\t\t\t<\/div>\n\t\t<div class=\"elementor-element elementor-element-d0baa07 e-flex e-con-boxed e-con e-parent\" data-id=\"d0baa07\" data-element_type=\"container\" data-e-type=\"container\">\n\t\t\t\t\t<div class=\"e-con-inner\">\n\t\t\t\t<div class=\"elementor-element elementor-element-0db1a37 elementor-widget elementor-widget-text-editor\" data-id=\"0db1a37\" data-element_type=\"widget\" data-e-type=\"widget\" data-widget_type=\"text-editor.default\">\n\t\t\t\t<div class=\"elementor-widget-container\">\n\t\t\t\t\t\t\t\t\t<p><span style=\"color: #000000;\">De Maison du Tourisme de la For\u00eat de Saint-Hubert kan verschillende persoonsgegevens verzamelen wanneer u deze site gebruikt.<\/span><\/p>\n<p><span style=\"color: #000000;\">Houd er rekening mee dat het vertrouwelijkheidsbeleid, met andere woorden, de manier waarop La Maison du Tourisme de la For\u00eat de Saint-Hubert de door u verstrekte gegevens gebruikt en beschermt, na verloop van tijd kan veranderen.<br \/>\nAls er wijzigingen worden aangebracht, zal deze pagina worden bijgewerkt.<br \/>\nBezoek deze pagina regelmatig voor eventuele wijzigingen.<\/span><\/p>\n<p><span style=\"color: #000000;\">Om u de beste browse-ervaring te garanderen en voor statistische informatiedoeleinden gebruikt deze site cookies en de Google Analytics-tool (we gebruiken Google Analytics 4 en Google-signalen).<\/span><br \/>\n<span style=\"color: #000000;\">Door verder te surfen, aanvaardt u het plaatsen van cookies; wanneer u de site bezoekt, wordt u hierover ge\u00efnformeerd en kunt u deze accepteren of weigeren.<\/span><\/p>\n<p><span style=\"color: #000000;\">De geanalyseerde gegevens zijn geografisch, demografisch, technologisch, etc. Ze kunnen niet worden gekoppeld aan een specifieke persoon.<\/span><\/p>\n\t\t\t\t\t\t\t\t<\/div>\n\t\t\t\t<\/div>\n\t\t\t\t\t<\/div>\n\t\t\t\t<\/div>\n\t\t\t\t<\/div>\n\t\t","protected":false},"excerpt":{"rendered":"<p>Juridische informatie Verantwoordelijke uitgever: Maison du Tourisme de la For\u00eat de Saint-Hubert vzwMaatschappelijke zetel: Place du March\u00e9 15, 6870 Saint-Hubert, Belgi\u00ebECB-nummer: 0676.474.832Voorzitter: V\u00e9ronique ArnouldDirectie: Laurent Vanhex Ce site a \u00e9t\u00e9 r\u00e9alis\u00e9 sur WordPress avec le soutien du Commissariat G\u00e9n\u00e9ral au Tourisme.Son contenu est aliment\u00e9 par la Maison du Tourisme dans le cadre des accompagnements r\u00e9alis\u00e9s [&hellip;]<\/p>\n","protected":false},"author":4,"featured_media":0,"parent":0,"menu_order":0,"comment_status":"closed","ping_status":"closed","template":"","meta":{"_seopress_robots_primary_cat":"","_seopress_titles_title":"Toerisme & Handicap in For\u00eat de Saint-Hubert - Wettelijke informatie","_seopress_titles_desc":"Maison du Tourisme de la For\u00eat de Saint-Hubert, Place du March\u00e9 15 - 6870 Saint-Hubert (Belgique), +32 61 61 30 10","_seopress_robots_index":"","footnotes":""},"class_list":["post-4703","page","type-page","status-publish","hentry"],"_links":{"self":[{"href":"https:\/\/www.foretdesainthubert-accessible.be\/nl\/wp-json\/wp\/v2\/pages\/4703","targetHints":{"allow":["GET"]}}],"collection":[{"href":"https:\/\/www.foretdesainthubert-accessible.be\/nl\/wp-json\/wp\/v2\/pages"}],"about":[{"href":"https:\/\/www.foretdesainthubert-accessible.be\/nl\/wp-json\/wp\/v2\/types\/page"}],"author":[{"embeddable":true,"href":"https:\/\/www.foretdesainthubert-accessible.be\/nl\/wp-json\/wp\/v2\/users\/4"}],"replies":[{"embeddable":true,"href":"https:\/\/www.foretdesainthubert-accessible.be\/nl\/wp-json\/wp\/v2\/comments?post=4703"}],"version-history":[{"count":2,"href":"https:\/\/www.foretdesainthubert-accessible.be\/nl\/wp-json\/wp\/v2\/pages\/4703\/revisions"}],"predecessor-version":[{"id":6316,"href":"https:\/\/www.foretdesainthubert-accessible.be\/nl\/wp-json\/wp\/v2\/pages\/4703\/revisions\/6316"}],"wp:attachment":[{"href":"https:\/\/www.foretdesainthubert-accessible.be\/nl\/wp-json\/wp\/v2\/media?parent=4703"}],"curies":[{"name":"wp","href":"https:\/\/api.w.org\/{rel}","templated":true}]}}