{"id":4729,"date":"2024-10-22T14:09:33","date_gmt":"2024-10-22T12:09:33","guid":{"rendered":"https:\/\/www.foretdesainthubert-accessible.be\/legal-information-and-privacy-policy\/"},"modified":"2026-02-19T14:34:58","modified_gmt":"2026-02-19T13:34:58","slug":"legal-information-and-privacy-policy","status":"publish","type":"page","link":"https:\/\/www.foretdesainthubert-accessible.be\/en\/legal-information-and-privacy-policy\/","title":{"rendered":"Legal information and privacy policy"},"content":{"rendered":"\t\t<div data-elementor-type=\"wp-page\" data-elementor-id=\"4729\" class=\"elementor elementor-4729 elementor-4353\" data-elementor-post-type=\"page\">\n\t\t\t\t<div class=\"elementor-element elementor-element-f22e2f2 e-flex e-con-boxed e-con e-parent\" data-id=\"f22e2f2\" data-element_type=\"container\" data-e-type=\"container\">\n\t\t\t\t\t<div class=\"e-con-inner\">\n\t\t\t\t<div class=\"elementor-element elementor-element-055f7db elementor-widget elementor-widget-heading\" data-id=\"055f7db\" data-element_type=\"widget\" data-e-type=\"widget\" data-widget_type=\"heading.default\">\n\t\t\t\t<div class=\"elementor-widget-container\">\n\t\t\t\t\t<h2 class=\"elementor-heading-title elementor-size-default\">Legal information<\/h2>\t\t\t\t<\/div>\n\t\t\t\t<\/div>\n\t\t\t\t\t<\/div>\n\t\t\t\t<\/div>\n\t\t<div class=\"elementor-element elementor-element-aafc01a e-flex e-con-boxed e-con e-parent\" data-id=\"aafc01a\" data-element_type=\"container\" data-e-type=\"container\">\n\t\t\t\t\t<div class=\"e-con-inner\">\n\t\t\t\t<div class=\"elementor-element elementor-element-543c79a elementor-widget elementor-widget-text-editor\" data-id=\"543c79a\" data-element_type=\"widget\" data-e-type=\"widget\" data-widget_type=\"text-editor.default\">\n\t\t\t\t<div class=\"elementor-widget-container\">\n\t\t\t\t\t\t\t\t\t<p><span style=\"color: #000000;\">Publisher: Maison du Tourisme de la For\u00eat de Saint-Hubert asbl<\/span><br \/><span style=\"color: #000000;\">Registered office: Place du March\u00e9 15, 6870 Saint-Hubert, Belgiquespan<\/span><br \/><span style=\"color: #000000;\">ECB number: 0676.474.832<\/span><br \/><span style=\"color: #000000;\">President: V\u00e9ronique Arnould<\/span><br \/><span style=\"color: #000000;\">Director: Laurent Vanhex<\/span><\/p>\n<p><span style=\"color: #000000;\">This site was created on WordPress with the support of the Commissariat G\u00e9n\u00e9ral au Tourisme.<\/span><br \/><span style=\"color: #000000;\">Its content is provided by the Maison du Tourisme as part of the support provided in collaboration with the provincial All Access.span service.<\/span><br \/><span style=\"color: #000000;\">This site is hosted in France, on a server equipped with protection tools such as a firewall, and is encrypted using an SSL certificate.<\/span><\/p>\n<p><span style=\"color: #000000;\">Under no circumstances may the photos and texts on this site be used without the written consent of their authors.<br \/>\n<\/span><\/p>\n<p><span style=\"color: #000000;\">For any questions\/comments\/technical problems\/requests to use the content or to appear on this site, please contact Maison du Tourisme by post at the head office address, by telephone (+32 61 61 30 10) or via this form.<\/span><\/p>\n\t\t\t\t\t\t\t\t<\/div>\n\t\t\t\t<\/div>\n\t\t\t\t\t<\/div>\n\t\t\t\t<\/div>\n\t\t<div class=\"elementor-element elementor-element-356736d e-flex e-con-boxed e-con e-parent\" data-id=\"356736d\" data-element_type=\"container\" data-e-type=\"container\">\n\t\t\t\t\t<div class=\"e-con-inner\">\n\t\t\t\t<div class=\"elementor-element elementor-element-404d160 elementor-widget elementor-widget-heading\" data-id=\"404d160\" data-element_type=\"widget\" data-e-type=\"widget\" data-widget_type=\"heading.default\">\n\t\t\t\t<div class=\"elementor-widget-container\">\n\t\t\t\t\t<h3 class=\"elementor-heading-title elementor-size-default\">Privacy policy<\/h3>\t\t\t\t<\/div>\n\t\t\t\t<\/div>\n\t\t\t\t\t<\/div>\n\t\t\t\t<\/div>\n\t\t<div class=\"elementor-element elementor-element-d0baa07 e-flex e-con-boxed e-con e-parent\" data-id=\"d0baa07\" data-element_type=\"container\" data-e-type=\"container\">\n\t\t\t\t\t<div class=\"e-con-inner\">\n\t\t\t\t<div class=\"elementor-element elementor-element-0db1a37 elementor-widget elementor-widget-text-editor\" data-id=\"0db1a37\" data-element_type=\"widget\" data-e-type=\"widget\" data-widget_type=\"text-editor.default\">\n\t\t\t\t<div class=\"elementor-widget-container\">\n\t\t\t\t\t\t\t\t\t<p><span style=\"color: #000000;\">La Maison du Tourisme de la For\u00eat de Saint-Hubert may collect various personal data when you use this site.<\/span><br \/><span style=\"color: #000000;\">Please note that the confidentiality policy, in other words, the way in which the Maison du Tourisme de la For\u00eat de Saint-Hubert uses and protects the data that you provide, may change over time.<br \/>\nIf any changes are made, this page will be updated.<br \/>\nPlease check back from time to time for any changes to its scope.<\/span><\/p>\n<p><span style=\"color: #000000;\">In order to guarantee you the best browsing experience and for statistical information purposes, this site uses cookies and the Google Analytics tool (we use Google Analytics 4 and Google signals).<\/span><br \/><span style=\"color: #000000;\">By continuing your browsing, you accept the deposit of cookies; when you visit the site, a message informs you of this and you can accept or reject it.<\/span><br \/><span style=\"color: #000000;\">The data analysed is geographical, demographic, technological, etc. It cannot be linked to a specific person.<\/span><\/p>\n\t\t\t\t\t\t\t\t<\/div>\n\t\t\t\t<\/div>\n\t\t\t\t\t<\/div>\n\t\t\t\t<\/div>\n\t\t\t\t<\/div>\n\t\t","protected":false},"excerpt":{"rendered":"<p>Legal information Publisher: Maison du Tourisme de la For\u00eat de Saint-Hubert asblRegistered office: Place du March\u00e9 15, 6870 Saint-Hubert, BelgiquespanECB number: 0676.474.832President: V\u00e9ronique ArnouldDirector: Laurent Vanhex This site was created on WordPress with the support of the Commissariat G\u00e9n\u00e9ral au Tourisme.Its content is provided by the Maison du Tourisme as part of the support provided [&hellip;]<\/p>\n","protected":false},"author":4,"featured_media":0,"parent":0,"menu_order":0,"comment_status":"closed","ping_status":"closed","template":"","meta":{"_seopress_robots_primary_cat":"","_seopress_titles_title":"Tourisme & Handicap en For\u00eat de Saint-Hubert - Legal information","_seopress_titles_desc":"Maison du Tourisme de la For\u00eat de Saint-Hubert, Place du March\u00e9 15 - 6870 Saint-Hubert (Belgique), +32 61 61 30 10","_seopress_robots_index":"","footnotes":""},"class_list":["post-4729","page","type-page","status-publish","hentry"],"_links":{"self":[{"href":"https:\/\/www.foretdesainthubert-accessible.be\/en\/wp-json\/wp\/v2\/pages\/4729","targetHints":{"allow":["GET"]}}],"collection":[{"href":"https:\/\/www.foretdesainthubert-accessible.be\/en\/wp-json\/wp\/v2\/pages"}],"about":[{"href":"https:\/\/www.foretdesainthubert-accessible.be\/en\/wp-json\/wp\/v2\/types\/page"}],"author":[{"embeddable":true,"href":"https:\/\/www.foretdesainthubert-accessible.be\/en\/wp-json\/wp\/v2\/users\/4"}],"replies":[{"embeddable":true,"href":"https:\/\/www.foretdesainthubert-accessible.be\/en\/wp-json\/wp\/v2\/comments?post=4729"}],"version-history":[{"count":5,"href":"https:\/\/www.foretdesainthubert-accessible.be\/en\/wp-json\/wp\/v2\/pages\/4729\/revisions"}],"predecessor-version":[{"id":8805,"href":"https:\/\/www.foretdesainthubert-accessible.be\/en\/wp-json\/wp\/v2\/pages\/4729\/revisions\/8805"}],"wp:attachment":[{"href":"https:\/\/www.foretdesainthubert-accessible.be\/en\/wp-json\/wp\/v2\/media?parent=4729"}],"curies":[{"name":"wp","href":"https:\/\/api.w.org\/{rel}","templated":true}]}}