{"id":4931,"date":"2024-03-29T15:04:41","date_gmt":"2024-03-29T14:04:41","guid":{"rendered":"https:\/\/www.foretdesainthubert-accessible.be\/wichtig\/"},"modified":"2026-02-19T15:21:13","modified_gmt":"2026-02-19T14:21:13","slug":"wichtig","status":"publish","type":"page","link":"https:\/\/www.foretdesainthubert-accessible.be\/de\/wichtig\/","title":{"rendered":"Wichtig"},"content":{"rendered":"\t\t<div data-elementor-type=\"wp-page\" data-elementor-id=\"4931\" class=\"elementor elementor-4931 elementor-393\" data-elementor-post-type=\"page\">\n\t\t\t\t<div class=\"elementor-element elementor-element-0aa62b2 e-flex e-con-boxed e-con e-parent\" data-id=\"0aa62b2\" data-element_type=\"container\" data-e-type=\"container\">\n\t\t\t\t\t<div class=\"e-con-inner\">\n\t\t\t\t<div class=\"elementor-element elementor-element-89affa8 elementor-widget elementor-widget-heading\" data-id=\"89affa8\" data-element_type=\"widget\" data-e-type=\"widget\" data-widget_type=\"heading.default\">\n\t\t\t\t<div class=\"elementor-widget-container\">\n\t\t\t\t\t<h2 class=\"elementor-heading-title elementor-size-default\">Wichtige Informationen <\/h2>\t\t\t\t<\/div>\n\t\t\t\t<\/div>\n\t\t\t\t\t<\/div>\n\t\t\t\t<\/div>\n\t\t<div class=\"elementor-element elementor-element-e0aca99 e-flex e-con-boxed e-con e-parent\" data-id=\"e0aca99\" data-element_type=\"container\" data-e-type=\"container\">\n\t\t\t\t\t<div class=\"e-con-inner\">\n\t\t\t\t<div class=\"elementor-element elementor-element-14cd620 elementor-widget elementor-widget-text-editor\" data-id=\"14cd620\" data-element_type=\"widget\" data-e-type=\"widget\" data-widget_type=\"text-editor.default\">\n\t\t\t\t<div class=\"elementor-widget-container\">\n\t\t\t\t\t\t\t\t\t<p>Auf dieser Seite bieten wir Ihnen Orte zum Besichtigen, Schlafpl\u00e4tze, Wanderungen und die Adressen von Informationsb\u00fcros, die erreichbar sind.<br \/>Sie befinden sich in der Region \u201eFor\u00eat de Saint-Hubert\u201c in der Provinz Luxemburg (Belgien).<\/p>\n<p>Die Region besteht aus den Gemeinden Libin, Libramont-Chevigny, Saint-Hubert, Tellin, Tenneville und Wellin.<\/p>\n<p>Die Informationen, die Sie hier einsehen k\u00f6nnen, wurden vom All Access Service der Provinz Luxemburg bereitgestellt.<br \/>Dieser Dienst unterst\u00fctzt und begleitet Tourismusakteure, die ihr Angebot an die Bed\u00fcrfnisse von Menschen mit Behinderungen anpassen m\u00f6chten.<br \/>Die Informationen wurden daher \u00fcberpr\u00fcft.<br \/>Es handelt sich nicht um Selbstausk\u00fcnfte.<\/p>\n<p>Die verf\u00fcgbaren Informationen sollen es Ihnen erm\u00f6glichen, den Grad der Zug\u00e4nglichkeit einer Unterkunft oder einer Aktivit\u00e4t entsprechend Ihren eigenen Bed\u00fcrfnissen zu bewerten.<br \/>Wenn Vorkehrungen f\u00fcr desorientierte Personen getroffen wurden, haben wir dies am Anfang jeder Informationsseite angegeben.<br \/>F\u00fcr jedes Angebot haben wir eine Telefonnummer und eine E-Mail-Adresse angegeben, damit Sie sich mit den Eigent\u00fcmern in Verbindung setzen k\u00f6nnen, falls Sie weitere Informationen ben\u00f6tigen.<\/p>\n<p>Einige der aufgef\u00fchrten Einrichtungen sind auch von der Vereinigung Access-i zertifiziert.<br \/>Wenn dies der Fall ist, wird ein Link angegeben.<br \/>Wenn Sie darauf klicken, gelangen Sie auf die Website von Access-i.<\/p>\n\t\t\t\t\t\t\t\t<\/div>\n\t\t\t\t<\/div>\n\t\t\t\t\t<\/div>\n\t\t\t\t<\/div>\n\t\t<div class=\"elementor-element elementor-element-6d735c2 e-flex e-con-boxed e-con e-parent\" data-id=\"6d735c2\" data-element_type=\"container\" data-e-type=\"container\">\n\t\t\t\t\t<div class=\"e-con-inner\">\n\t\t\t\t<div class=\"elementor-element elementor-element-d72407b elementor-widget elementor-widget-heading\" data-id=\"d72407b\" data-element_type=\"widget\" data-e-type=\"widget\" data-widget_type=\"heading.default\">\n\t\t\t\t<div class=\"elementor-widget-container\">\n\t\t\t\t\t<h3 class=\"elementor-heading-title elementor-size-default\">N\u00fctzliche Kontakte :<\/h3>\t\t\t\t<\/div>\n\t\t\t\t<\/div>\n\t\t\t\t\t<\/div>\n\t\t\t\t<\/div>\n\t\t<div class=\"elementor-element elementor-element-ce35c84 e-flex e-con-boxed e-con e-parent\" data-id=\"ce35c84\" data-element_type=\"container\" data-e-type=\"container\">\n\t\t\t\t\t<div class=\"e-con-inner\">\n\t\t<div class=\"elementor-element elementor-element-743fa3f e-con-full e-flex e-con e-child\" data-id=\"743fa3f\" data-element_type=\"container\" data-e-type=\"container\">\n\t\t\t\t<div class=\"elementor-element elementor-element-7abf1df elementor-widget elementor-widget-image\" data-id=\"7abf1df\" data-element_type=\"widget\" data-e-type=\"widget\" data-widget_type=\"image.default\">\n\t\t\t\t<div class=\"elementor-widget-container\">\n\t\t\t\t\t\t\t\t\t\t\t\t\t\t\t\t<a href=\"https:\/\/province.luxembourg.be\/travailler\/aides-aux-professionnels\/handicap\" target=\"_blank\">\n\t\t\t\t\t\t\t<img decoding=\"async\" width=\"202\" height=\"78\" src=\"https:\/\/www.foretdesainthubert-accessible.be\/wp-content\/uploads\/2024\/03\/province-de-luxembourg.jpg\" class=\"attachment-medium_large size-medium_large wp-image-423\" alt=\"Logo de la Province de Luxembourg\" \/>\t\t\t\t\t\t\t\t<\/a>\n\t\t\t\t\t\t\t\t\t\t\t\t\t\t\t<\/div>\n\t\t\t\t<\/div>\n\t\t\t\t<\/div>\n\t\t<div class=\"elementor-element elementor-element-88fafd1 e-con-full e-flex e-con e-child\" data-id=\"88fafd1\" data-element_type=\"container\" data-e-type=\"container\">\n\t\t\t\t<div class=\"elementor-element elementor-element-0d23884 elementor-widget elementor-widget-text-editor\" data-id=\"0d23884\" data-element_type=\"widget\" data-e-type=\"widget\" data-widget_type=\"text-editor.default\">\n\t\t\t\t<div class=\"elementor-widget-container\">\n\t\t\t\t\t\t\t\t\t<p>All Access, Begleitservice der Provinz Luxemburg<\/p>\n<p>All Access anrufen: 00 32 63 22 73 62<br \/>Eine E-Mail an All Access senden: allaccess@province.luxembourg.be<\/p>\n\t\t\t\t\t\t\t\t<\/div>\n\t\t\t\t<\/div>\n\t\t\t\t<\/div>\n\t\t\t\t\t<\/div>\n\t\t\t\t<\/div>\n\t\t<div class=\"elementor-element elementor-element-1d93a23 e-flex e-con-boxed e-con e-parent\" data-id=\"1d93a23\" data-element_type=\"container\" data-e-type=\"container\">\n\t\t\t\t\t<div class=\"e-con-inner\">\n\t\t<div class=\"elementor-element elementor-element-2a2c698 e-con-full e-flex e-con e-child\" data-id=\"2a2c698\" data-element_type=\"container\" data-e-type=\"container\">\n\t\t\t\t<div class=\"elementor-element elementor-element-27d0771 elementor-widget elementor-widget-image\" data-id=\"27d0771\" data-element_type=\"widget\" data-e-type=\"widget\" data-widget_type=\"image.default\">\n\t\t\t\t<div class=\"elementor-widget-container\">\n\t\t\t\t\t\t\t\t\t\t\t\t\t\t\t\t<a href=\"https:\/\/access-i.be\/de\/\" target=\"_blank\">\n\t\t\t\t\t\t\t<img fetchpriority=\"high\" decoding=\"async\" width=\"244\" height=\"226\" src=\"https:\/\/www.foretdesainthubert-accessible.be\/wp-content\/uploads\/2024\/03\/accessi-logo-header.png\" class=\"attachment-medium_large size-medium_large wp-image-427\" alt=\"Logo de Access-i\" \/>\t\t\t\t\t\t\t\t<\/a>\n\t\t\t\t\t\t\t\t\t\t\t\t\t\t\t<\/div>\n\t\t\t\t<\/div>\n\t\t\t\t<\/div>\n\t\t<div class=\"elementor-element elementor-element-c2fd760 e-con-full e-flex e-con e-child\" data-id=\"c2fd760\" data-element_type=\"container\" data-e-type=\"container\">\n\t\t\t\t<div class=\"elementor-element elementor-element-21dde4d elementor-widget elementor-widget-text-editor\" data-id=\"21dde4d\" data-element_type=\"widget\" data-e-type=\"widget\" data-widget_type=\"text-editor.default\">\n\t\t\t\t<div class=\"elementor-widget-container\">\n\t\t\t\t\t\t\t\t\t<p>Access-I, Informationsportal \u00fcber die Zug\u00e4nglichkeit von \u00f6ffentlich zug\u00e4nglichen Orten in Wallonien und Br\u00fcssel.<\/p>\n<p>Access-i anrufen: 00 32 81 39 08 78<br \/>Eine E-Mail an Accessi- senden: info@access-i.be<\/p>\n\t\t\t\t\t\t\t\t<\/div>\n\t\t\t\t<\/div>\n\t\t\t\t<\/div>\n\t\t\t\t\t<\/div>\n\t\t\t\t<\/div>\n\t\t<div class=\"elementor-element elementor-element-3defedd e-flex e-con-boxed e-con e-parent\" data-id=\"3defedd\" data-element_type=\"container\" data-e-type=\"container\">\n\t\t\t\t\t<div class=\"e-con-inner\">\n\t\t\t\t<div class=\"elementor-element elementor-element-16a4421 elementor-widget elementor-widget-text-editor\" data-id=\"16a4421\" data-element_type=\"widget\" data-e-type=\"widget\" data-widget_type=\"text-editor.default\">\n\t\t\t\t<div class=\"elementor-widget-container\">\n\t\t\t\t\t\t\t\t\t<p>Bei Fragen k\u00f6nnen Sie sich auch an uns im Maison du Tourisme wenden.<\/p>\n\t\t\t\t\t\t\t\t<\/div>\n\t\t\t\t<\/div>\n\t\t\t\t\t<\/div>\n\t\t\t\t<\/div>\n\t\t<div class=\"elementor-element elementor-element-002b7d7 e-flex e-con-boxed e-con e-parent\" data-id=\"002b7d7\" data-element_type=\"container\" data-e-type=\"container\">\n\t\t\t\t\t<div class=\"e-con-inner\">\n\t\t<div class=\"elementor-element elementor-element-4065d3a e-con-full e-flex e-con e-child\" data-id=\"4065d3a\" data-element_type=\"container\" data-e-type=\"container\">\n\t\t\t\t<div class=\"elementor-element elementor-element-0b05249 elementor-widget elementor-widget-image\" data-id=\"0b05249\" data-element_type=\"widget\" data-e-type=\"widget\" data-widget_type=\"image.default\">\n\t\t\t\t<div class=\"elementor-widget-container\">\n\t\t\t\t\t\t\t\t\t\t\t\t\t\t\t\t<a href=\"https:\/\/access-i.be\/de\/\" target=\"_blank\">\n\t\t\t\t\t\t\t<img decoding=\"async\" width=\"150\" height=\"94\" src=\"https:\/\/www.foretdesainthubert-accessible.be\/wp-content\/uploads\/2024\/01\/Logo-MT-Foret-St_Hubert.png\" class=\"attachment-medium_large size-medium_large wp-image-15\" alt=\"Logo-MT-Foret-St_Hubert\" \/>\t\t\t\t\t\t\t\t<\/a>\n\t\t\t\t\t\t\t\t\t\t\t\t\t\t\t<\/div>\n\t\t\t\t<\/div>\n\t\t\t\t<\/div>\n\t\t<div class=\"elementor-element elementor-element-f66425a e-con-full e-flex e-con e-child\" data-id=\"f66425a\" data-element_type=\"container\" data-e-type=\"container\">\n\t\t\t\t<div class=\"elementor-element elementor-element-b477a11 elementor-widget elementor-widget-text-editor\" data-id=\"b477a11\" data-element_type=\"widget\" data-e-type=\"widget\" data-widget_type=\"text-editor.default\">\n\t\t\t\t<div class=\"elementor-widget-container\">\n\t\t\t\t\t\t\t\t\t<p>Maison du Tourisme de la For\u00eat de Saint-Hubert<\/p>\n<p>Telefonieren Sie mit dem Maison du Tourisme de la For\u00eat de Saint-Hubert: 00 32 61 61 30 10<br \/>Senden Sie eine E-Mail an das Maison du Tourisme de la For\u00eat de Saint-Hubert: info@foretdesainthubert-tourisme.be<\/p>\n\t\t\t\t\t\t\t\t<\/div>\n\t\t\t\t<\/div>\n\t\t\t\t<\/div>\n\t\t\t\t\t<\/div>\n\t\t\t\t<\/div>\n\t\t<div class=\"elementor-element elementor-element-cd88eff e-flex e-con-boxed e-con e-parent\" data-id=\"cd88eff\" data-element_type=\"container\" data-e-type=\"container\">\n\t\t\t\t\t<div class=\"e-con-inner\">\n\t\t<div class=\"elementor-element elementor-element-9dfbb2d e-con-full e-flex e-con e-child\" data-id=\"9dfbb2d\" data-element_type=\"container\" data-e-type=\"container\">\n\t\t\t\t<div class=\"elementor-element elementor-element-eb3f35c elementor-widget elementor-widget-image\" data-id=\"eb3f35c\" data-element_type=\"widget\" data-e-type=\"widget\" data-widget_type=\"image.default\">\n\t\t\t\t<div class=\"elementor-widget-container\">\n\t\t\t\t\t\t\t\t\t\t\t\t\t\t\t<img loading=\"lazy\" decoding=\"async\" width=\"800\" height=\"607\" src=\"https:\/\/www.foretdesainthubert-accessible.be\/wp-content\/uploads\/2025\/01\/gite-bonheurpourtous-2-1024x777.jpg\" class=\"attachment-large size-large wp-image-5906\" alt=\"\" srcset=\"https:\/\/www.foretdesainthubert-accessible.be\/wp-content\/uploads\/2025\/01\/gite-bonheurpourtous-2-1024x777.jpg 1024w, https:\/\/www.foretdesainthubert-accessible.be\/wp-content\/uploads\/2025\/01\/gite-bonheurpourtous-2-300x228.jpg 300w, https:\/\/www.foretdesainthubert-accessible.be\/wp-content\/uploads\/2025\/01\/gite-bonheurpourtous-2-768x583.jpg 768w, https:\/\/www.foretdesainthubert-accessible.be\/wp-content\/uploads\/2025\/01\/gite-bonheurpourtous-2.jpg 1143w\" sizes=\"(max-width: 800px) 100vw, 800px\" \/>\t\t\t\t\t\t\t\t\t\t\t\t\t\t\t<\/div>\n\t\t\t\t<\/div>\n\t\t\t\t<\/div>\n\t\t<div class=\"elementor-element elementor-element-d6fcfed e-con-full e-flex e-con e-child\" data-id=\"d6fcfed\" data-element_type=\"container\" data-e-type=\"container\">\n\t\t\t\t<div class=\"elementor-element elementor-element-2de6a7d elementor-widget elementor-widget-image\" data-id=\"2de6a7d\" data-element_type=\"widget\" data-e-type=\"widget\" data-widget_type=\"image.default\">\n\t\t\t\t<div class=\"elementor-widget-container\">\n\t\t\t\t\t\t\t\t\t\t\t\t\t\t\t<img loading=\"lazy\" decoding=\"async\" width=\"800\" height=\"600\" src=\"https:\/\/www.foretdesainthubert-accessible.be\/wp-content\/uploads\/2024\/05\/gite_valgrange_tenneville-1-1024x768-1.webp\" class=\"attachment-large size-large wp-image-2296\" alt=\"\" srcset=\"https:\/\/www.foretdesainthubert-accessible.be\/wp-content\/uploads\/2024\/05\/gite_valgrange_tenneville-1-1024x768-1.webp 1024w, https:\/\/www.foretdesainthubert-accessible.be\/wp-content\/uploads\/2024\/05\/gite_valgrange_tenneville-1-1024x768-1-300x225.webp 300w, https:\/\/www.foretdesainthubert-accessible.be\/wp-content\/uploads\/2024\/05\/gite_valgrange_tenneville-1-1024x768-1-768x576.webp 768w\" sizes=\"(max-width: 800px) 100vw, 800px\" \/>\t\t\t\t\t\t\t\t\t\t\t\t\t\t\t<\/div>\n\t\t\t\t<\/div>\n\t\t\t\t<\/div>\n\t\t<div class=\"elementor-element elementor-element-ab25cc8 e-con-full e-flex e-con e-child\" data-id=\"ab25cc8\" data-element_type=\"container\" data-e-type=\"container\">\n\t\t\t\t<div class=\"elementor-element elementor-element-e50ac92 elementor-widget elementor-widget-image\" data-id=\"e50ac92\" data-element_type=\"widget\" data-e-type=\"widget\" data-widget_type=\"image.default\">\n\t\t\t\t<div class=\"elementor-widget-container\">\n\t\t\t\t\t\t\t\t\t\t\t\t\t\t\t<img loading=\"lazy\" decoding=\"async\" width=\"800\" height=\"600\" src=\"https:\/\/www.foretdesainthubert-accessible.be\/wp-content\/uploads\/2024\/04\/@Plainpiedasbl-1024x768.jpg\" class=\"attachment-large size-large wp-image-1355\" alt=\"\" srcset=\"https:\/\/www.foretdesainthubert-accessible.be\/wp-content\/uploads\/2024\/04\/@Plainpiedasbl-1024x768.jpg 1024w, https:\/\/www.foretdesainthubert-accessible.be\/wp-content\/uploads\/2024\/04\/@Plainpiedasbl-300x225.jpg 300w, https:\/\/www.foretdesainthubert-accessible.be\/wp-content\/uploads\/2024\/04\/@Plainpiedasbl-768x576.jpg 768w, https:\/\/www.foretdesainthubert-accessible.be\/wp-content\/uploads\/2024\/04\/@Plainpiedasbl-1536x1152.jpg 1536w, https:\/\/www.foretdesainthubert-accessible.be\/wp-content\/uploads\/2024\/04\/@Plainpiedasbl-2048x1536.jpg 2048w\" sizes=\"(max-width: 800px) 100vw, 800px\" \/>\t\t\t\t\t\t\t\t\t\t\t\t\t\t\t<\/div>\n\t\t\t\t<\/div>\n\t\t\t\t<\/div>\n\t\t<div class=\"elementor-element elementor-element-5f1dadd e-con-full e-flex e-con e-child\" data-id=\"5f1dadd\" data-element_type=\"container\" data-e-type=\"container\">\n\t\t\t\t<div class=\"elementor-element elementor-element-5cc7331 elementor-widget elementor-widget-image\" data-id=\"5cc7331\" data-element_type=\"widget\" data-e-type=\"widget\" data-widget_type=\"image.default\">\n\t\t\t\t<div class=\"elementor-widget-container\">\n\t\t\t\t\t\t\t\t\t\t\t\t\t\t\t<img loading=\"lazy\" decoding=\"async\" width=\"800\" height=\"600\" src=\"https:\/\/www.foretdesainthubert-accessible.be\/wp-content\/uploads\/2024\/04\/museedesceltes-parking-1-1024x768-1.webp\" class=\"attachment-large size-large wp-image-1083\" alt=\"\" srcset=\"https:\/\/www.foretdesainthubert-accessible.be\/wp-content\/uploads\/2024\/04\/museedesceltes-parking-1-1024x768-1.webp 1024w, https:\/\/www.foretdesainthubert-accessible.be\/wp-content\/uploads\/2024\/04\/museedesceltes-parking-1-1024x768-1-300x225.webp 300w, https:\/\/www.foretdesainthubert-accessible.be\/wp-content\/uploads\/2024\/04\/museedesceltes-parking-1-1024x768-1-768x576.webp 768w\" sizes=\"(max-width: 800px) 100vw, 800px\" \/>\t\t\t\t\t\t\t\t\t\t\t\t\t\t\t<\/div>\n\t\t\t\t<\/div>\n\t\t\t\t<\/div>\n\t\t<div class=\"elementor-element elementor-element-f606c7c e-con-full e-flex e-con e-child\" data-id=\"f606c7c\" data-element_type=\"container\" data-e-type=\"container\">\n\t\t\t\t<div class=\"elementor-element elementor-element-c368153 elementor-widget elementor-widget-image\" data-id=\"c368153\" data-element_type=\"widget\" data-e-type=\"widget\" data-widget_type=\"image.default\">\n\t\t\t\t<div class=\"elementor-widget-container\">\n\t\t\t\t\t\t\t\t\t\t\t\t\t\t\t<img loading=\"lazy\" decoding=\"async\" width=\"800\" height=\"600\" src=\"https:\/\/www.foretdesainthubert-accessible.be\/wp-content\/uploads\/2024\/04\/interieur-maisondutourisme2-1024x768.webp\" class=\"attachment-large size-large wp-image-602\" alt=\"\" srcset=\"https:\/\/www.foretdesainthubert-accessible.be\/wp-content\/uploads\/2024\/04\/interieur-maisondutourisme2-1024x768.webp 1024w, https:\/\/www.foretdesainthubert-accessible.be\/wp-content\/uploads\/2024\/04\/interieur-maisondutourisme2-300x225.webp 300w, https:\/\/www.foretdesainthubert-accessible.be\/wp-content\/uploads\/2024\/04\/interieur-maisondutourisme2-768x576.webp 768w, https:\/\/www.foretdesainthubert-accessible.be\/wp-content\/uploads\/2024\/04\/interieur-maisondutourisme2-1536x1152.webp 1536w, https:\/\/www.foretdesainthubert-accessible.be\/wp-content\/uploads\/2024\/04\/interieur-maisondutourisme2.webp 2048w\" sizes=\"(max-width: 800px) 100vw, 800px\" \/>\t\t\t\t\t\t\t\t\t\t\t\t\t\t\t<\/div>\n\t\t\t\t<\/div>\n\t\t\t\t<\/div>\n\t\t<div class=\"elementor-element elementor-element-c20f826 e-con-full e-flex e-con e-child\" data-id=\"c20f826\" data-element_type=\"container\" data-e-type=\"container\">\n\t\t\t\t<div class=\"elementor-element elementor-element-e6452d9 elementor-widget elementor-widget-image\" data-id=\"e6452d9\" data-element_type=\"widget\" data-e-type=\"widget\" data-widget_type=\"image.default\">\n\t\t\t\t<div class=\"elementor-widget-container\">\n\t\t\t\t\t\t\t\t\t\t\t\t\t\t\t<img loading=\"lazy\" decoding=\"async\" width=\"800\" height=\"600\" src=\"https:\/\/www.foretdesainthubert-accessible.be\/wp-content\/uploads\/2024\/03\/mudia-17-1024x768-1.webp\" class=\"attachment-large size-large wp-image-254\" alt=\"\" srcset=\"https:\/\/www.foretdesainthubert-accessible.be\/wp-content\/uploads\/2024\/03\/mudia-17-1024x768-1.webp 1024w, https:\/\/www.foretdesainthubert-accessible.be\/wp-content\/uploads\/2024\/03\/mudia-17-1024x768-1-300x225.webp 300w, https:\/\/www.foretdesainthubert-accessible.be\/wp-content\/uploads\/2024\/03\/mudia-17-1024x768-1-768x576.webp 768w\" sizes=\"(max-width: 800px) 100vw, 800px\" \/>\t\t\t\t\t\t\t\t\t\t\t\t\t\t\t<\/div>\n\t\t\t\t<\/div>\n\t\t\t\t<\/div>\n\t\t\t\t\t<\/div>\n\t\t\t\t<\/div>\n\t\t\t\t<section class=\"elementor-section elementor-top-section elementor-element elementor-element-631a43d5 elementor-section-full_width elementor-section-content-bottom footer-shape1 elementor-section-height-min-height elementor-section-items-bottom elementor-section-height-default\" data-id=\"631a43d5\" data-element_type=\"section\" data-e-type=\"section\" data-settings=\"{&quot;background_background&quot;:&quot;gradient&quot;}\">\n\t\t\t\t\t\t\t<div class=\"elementor-background-overlay\"><\/div>\n\t\t\t\t\t\t\t<div class=\"elementor-container elementor-column-gap-default\">\n\t\t\t\t\t<div class=\"elementor-column elementor-col-50 elementor-top-column elementor-element elementor-element-7c686e6c\" data-id=\"7c686e6c\" data-element_type=\"column\" data-e-type=\"column\">\n\t\t\t<div class=\"elementor-widget-wrap elementor-element-populated\">\n\t\t\t\t\t\t<div class=\"elementor-element elementor-element-54c754cb elementor-widget__width-auto elementor-widget-mobile__width-inherit elementor-widget elementor-widget-image\" data-id=\"54c754cb\" data-element_type=\"widget\" data-e-type=\"widget\" data-widget_type=\"image.default\">\n\t\t\t\t<div class=\"elementor-widget-container\">\n\t\t\t\t\t\t\t\t\t\t\t\t\t\t\t\t<a href=\"https:\/\/visitwallonia.de\/de\/\" target=\"_blank\" rel=\"nofollow\" title=\"Visit Wallonia\">\n\t\t\t\t\t\t\t<img decoding=\"async\" src=\"https:\/\/www.foretdesainthubert-accessible.be\/wp-content\/uploads\/elementor\/thumbs\/Logo_VISITWallonia.be_-qkfdddu44xjbno3sods2zs4218oa3bdzt6oqfgkni8.webp\" title=\"Logo_VISITWallonia.be_.webp\" alt=\"Logo de VISITWallonia\" loading=\"lazy\" \/>\t\t\t\t\t\t\t\t<\/a>\n\t\t\t\t\t\t\t\t\t\t\t\t\t\t\t<\/div>\n\t\t\t\t<\/div>\n\t\t\t\t<div class=\"elementor-element elementor-element-4fb53ad6 elementor-widget__width-auto elementor-widget-mobile__width-inherit elementor-widget elementor-widget-image\" data-id=\"4fb53ad6\" data-element_type=\"widget\" data-e-type=\"widget\" data-widget_type=\"image.default\">\n\t\t\t\t<div class=\"elementor-widget-container\">\n\t\t\t\t\t\t\t\t\t\t\t\t\t\t\t\t<a href=\"https:\/\/www.ardennebelge.be\/\" target=\"_blank\" rel=\"nofollow\" title=\"Visit Wallonia\">\n\t\t\t\t\t\t\t<img decoding=\"async\" src=\"https:\/\/www.foretdesainthubert-accessible.be\/wp-content\/uploads\/elementor\/thumbs\/ABT-noir-qkfddsvj6a3wtfhy8ka43obfjem5ih1p794i3vycqo.png\" title=\"ABT-noir.png\" alt=\"Logo de Ardenne Belge Tourisme\" loading=\"lazy\" \/>\t\t\t\t\t\t\t\t<\/a>\n\t\t\t\t\t\t\t\t\t\t\t\t\t\t\t<\/div>\n\t\t\t\t<\/div>\n\t\t\t\t<div class=\"elementor-element elementor-element-6b105250 elementor-widget__width-auto elementor-widget-mobile__width-inherit elementor-widget elementor-widget-image\" data-id=\"6b105250\" data-element_type=\"widget\" data-e-type=\"widget\" data-widget_type=\"image.default\">\n\t\t\t\t<div class=\"elementor-widget-container\">\n\t\t\t\t\t\t\t\t\t\t\t\t\t\t\t\t<a href=\"https:\/\/ftplux.luxembourg.be\" target=\"_blank\" rel=\"nofollow\" title=\"Visit Wallonia\">\n\t\t\t\t\t\t\t<img decoding=\"async\" src=\"https:\/\/www.foretdesainthubert-accessible.be\/wp-content\/uploads\/elementor\/thumbs\/ftplux-qkfddlctnltm8jsvgh13jq7qsbn7sw7ui7wm9o9i4g.png\" title=\"ftplux.png\" alt=\"Logo FTPLux\" loading=\"lazy\" \/>\t\t\t\t\t\t\t\t<\/a>\n\t\t\t\t\t\t\t\t\t\t\t\t\t\t\t<\/div>\n\t\t\t\t<\/div>\n\t\t\t\t<div class=\"elementor-element elementor-element-73af257d elementor-widget__width-auto elementor-widget-mobile__width-inherit elementor-widget elementor-widget-image\" data-id=\"73af257d\" data-element_type=\"widget\" data-e-type=\"widget\" data-widget_type=\"image.default\">\n\t\t\t\t<div class=\"elementor-widget-container\">\n\t\t\t\t\t\t\t\t\t\t\t\t\t\t\t\t<a href=\"https:\/\/www.ardennebelge.be\/\" target=\"_blank\" rel=\"nofollow\" title=\"Visit Wallonia\">\n\t\t\t\t\t\t\t<img decoding=\"async\" src=\"https:\/\/www.foretdesainthubert-accessible.be\/wp-content\/uploads\/elementor\/thumbs\/ardenne-qkfdecm55suxl8pa1ata21c40hwv04829ytp6p5340.png\" title=\"ardenne.png\" alt=\"Logo Marque Ardenne\" loading=\"lazy\" \/>\t\t\t\t\t\t\t\t<\/a>\n\t\t\t\t\t\t\t\t\t\t\t\t\t\t\t<\/div>\n\t\t\t\t<\/div>\n\t\t\t\t\t<\/div>\n\t\t<\/div>\n\t\t\t\t<div class=\"elementor-column elementor-col-50 elementor-top-column elementor-element elementor-element-5d2fa8dc elementor-hidden-tablet elementor-hidden-phone\" data-id=\"5d2fa8dc\" data-element_type=\"column\" data-e-type=\"column\">\n\t\t\t<div class=\"elementor-widget-wrap elementor-element-populated\">\n\t\t\t\t\t\t<div class=\"elementor-element elementor-element-5898ff39 elementor-widget__width-initial elementor-widget elementor-widget-text-editor\" data-id=\"5898ff39\" data-element_type=\"widget\" data-e-type=\"widget\" data-widget_type=\"text-editor.default\">\n\t\t\t\t<div class=\"elementor-widget-container\">\n\t\t\t\t\t\t\t\t\t<p>Die Postanschrift des Maison du Tourisme de la For\u00eat de Saint-Hubert lautet Place du March\u00e9 15, 6870 Saint-Hubert, Belgien.<\/p>\n<p>Telefonisch erreichen Sie das Maison du Tourisme unter: 00 32 61 61 30 10.<br \/>Senden Sie eine E-Mail an das Maison du Tourisme: info@foretdesainthubert-tourisme.be.<\/p>\n<p>Lesen Sie die rechtlichen Hinweise und die Datenschutzbestimmungen.<\/p>\n\t\t\t\t\t\t\t\t<\/div>\n\t\t\t\t<\/div>\n\t\t\t\t\t<\/div>\n\t\t<\/div>\n\t\t\t\t\t<\/div>\n\t\t<\/section>\n\t\t\t\t<\/div>\n\t\t","protected":false},"excerpt":{"rendered":"<p>Wichtige Informationen Auf dieser Seite bieten wir Ihnen Orte zum Besichtigen, Schlafpl\u00e4tze, Wanderungen und die Adressen von Informationsb\u00fcros, die erreichbar sind.Sie befinden sich in der Region \u201eFor\u00eat de Saint-Hubert\u201c in der Provinz Luxemburg (Belgien). Die Region besteht aus den Gemeinden Libin, Libramont-Chevigny, Saint-Hubert, Tellin, Tenneville und Wellin. Die Informationen, die Sie hier einsehen k\u00f6nnen, wurden [&hellip;]<\/p>\n","protected":false},"author":4,"featured_media":0,"parent":0,"menu_order":0,"comment_status":"closed","ping_status":"closed","template":"","meta":{"_seopress_robots_primary_cat":"","_seopress_titles_title":"Heiterer und inklusiver Urlaub in den belgischen Ardennen (Wallonien)","_seopress_titles_desc":"Entdecken Sie den Wald von Saint-Hubert (Belgien, Wallonien) und sein Angebot, das auf Menschen mit Behinderungen zugeschnitten ist.","_seopress_robots_index":"","footnotes":""},"class_list":["post-4931","page","type-page","status-publish","hentry"],"_links":{"self":[{"href":"https:\/\/www.foretdesainthubert-accessible.be\/de\/wp-json\/wp\/v2\/pages\/4931","targetHints":{"allow":["GET"]}}],"collection":[{"href":"https:\/\/www.foretdesainthubert-accessible.be\/de\/wp-json\/wp\/v2\/pages"}],"about":[{"href":"https:\/\/www.foretdesainthubert-accessible.be\/de\/wp-json\/wp\/v2\/types\/page"}],"author":[{"embeddable":true,"href":"https:\/\/www.foretdesainthubert-accessible.be\/de\/wp-json\/wp\/v2\/users\/4"}],"replies":[{"embeddable":true,"href":"https:\/\/www.foretdesainthubert-accessible.be\/de\/wp-json\/wp\/v2\/comments?post=4931"}],"version-history":[{"count":5,"href":"https:\/\/www.foretdesainthubert-accessible.be\/de\/wp-json\/wp\/v2\/pages\/4931\/revisions"}],"predecessor-version":[{"id":8629,"href":"https:\/\/www.foretdesainthubert-accessible.be\/de\/wp-json\/wp\/v2\/pages\/4931\/revisions\/8629"}],"wp:attachment":[{"href":"https:\/\/www.foretdesainthubert-accessible.be\/de\/wp-json\/wp\/v2\/media?parent=4931"}],"curies":[{"name":"wp","href":"https:\/\/api.w.org\/{rel}","templated":true}]}}